{"id":5866,"date":"2024-11-06T00:55:46","date_gmt":"2024-11-06T00:55:46","guid":{"rendered":"https:\/\/visionairgroup.ca\/ventes-de-composants\/"},"modified":"2025-02-19T00:17:52","modified_gmt":"2025-02-19T00:17:52","slug":"ventes-de-composants","status":"publish","type":"page","link":"https:\/\/visionairgroup.ca\/fr\/ventes-de-composants\/","title":{"rendered":"Ventes de composants"},"content":{"rendered":"<div class=\"fusion-fullwidth fullwidth-box fusion-builder-row-1 fusion-flex-container has-pattern-background has-mask-background nonhundred-percent-fullwidth non-hundred-percent-height-scrolling\" style=\"--awb-border-radius-top-left:0px;--awb-border-radius-top-right:0px;--awb-border-radius-bottom-right:0px;--awb-border-radius-bottom-left:0px;--awb-background-color:var(--awb-color1);--awb-flex-wrap:wrap;\" ><div class=\"fusion-builder-row fusion-row fusion-flex-align-items-stretch fusion-flex-content-wrap\" style=\"max-width:1216.8px;margin-left: calc(-4% \/ 2 );margin-right: calc(-4% \/ 2 );\"><div class=\"fusion-layout-column fusion_builder_column fusion-builder-column-0 fusion_builder_column_1_2 1_2 fusion-flex-column\" style=\"--awb-bg-size:cover;--awb-width-large:50%;--awb-margin-top-large:0px;--awb-spacing-right-large:3.84%;--awb-margin-bottom-large:20px;--awb-spacing-left-large:3.84%;--awb-width-medium:100%;--awb-order-medium:0;--awb-spacing-right-medium:1.92%;--awb-spacing-left-medium:1.92%;--awb-width-small:100%;--awb-order-small:0;--awb-spacing-right-small:1.92%;--awb-spacing-left-small:1.92%;\"><div class=\"fusion-column-wrapper fusion-column-has-shadow fusion-flex-justify-content-flex-start fusion-content-layout-column\"><div class=\"fusion-image-element \" style=\"--awb-caption-title-font-family:var(--h2_typography-font-family);--awb-caption-title-font-weight:var(--h2_typography-font-weight);--awb-caption-title-font-style:var(--h2_typography-font-style);--awb-caption-title-size:var(--h2_typography-font-size);--awb-caption-title-transform:var(--h2_typography-text-transform);--awb-caption-title-line-height:var(--h2_typography-line-height);--awb-caption-title-letter-spacing:var(--h2_typography-letter-spacing);\"><span class=\" fusion-imageframe imageframe-none imageframe-1 hover-type-zoomin\"><img decoding=\"async\" width=\"2560\" height=\"1707\" title=\"Landing gear airplane in hangar chassis rubber with aviation worker in uniform\" src=\"data:image\/svg+xml,%3Csvg%20xmlns%3D%27http%3A%2F%2Fwww.w3.org%2F2000%2Fsvg%27%20width%3D%272560%27%20height%3D%271707%27%20viewBox%3D%270%200%202560%201707%27%3E%3Crect%20width%3D%272560%27%20height%3D%271707%27%20fill-opacity%3D%220%22%2F%3E%3C%2Fsvg%3E\" data-orig-src=\"https:\/\/visionairgroup.ca\/wp-content\/uploads\/2025\/01\/iStock-1278077619-scaled.jpg\" alt class=\"lazyload img-responsive wp-image-5800\"\/><\/span><\/div><div class=\"fusion-image-element \" style=\"--awb-caption-title-font-family:var(--h2_typography-font-family);--awb-caption-title-font-weight:var(--h2_typography-font-weight);--awb-caption-title-font-style:var(--h2_typography-font-style);--awb-caption-title-size:var(--h2_typography-font-size);--awb-caption-title-transform:var(--h2_typography-text-transform);--awb-caption-title-line-height:var(--h2_typography-line-height);--awb-caption-title-letter-spacing:var(--h2_typography-letter-spacing);\"><span class=\" fusion-imageframe imageframe-none imageframe-2 hover-type-zoomin\"><img decoding=\"async\" width=\"2560\" height=\"1707\" title=\"Aircraft worker repairing airplane in the indoors\" src=\"data:image\/svg+xml,%3Csvg%20xmlns%3D%27http%3A%2F%2Fwww.w3.org%2F2000%2Fsvg%27%20width%3D%272560%27%20height%3D%271707%27%20viewBox%3D%270%200%202560%201707%27%3E%3Crect%20width%3D%272560%27%20height%3D%271707%27%20fill-opacity%3D%220%22%2F%3E%3C%2Fsvg%3E\" data-orig-src=\"https:\/\/visionairgroup.ca\/wp-content\/uploads\/2025\/01\/iStock-1278011301-scaled.jpg\" alt class=\"lazyload img-responsive wp-image-5799\"\/><\/span><\/div><\/div><\/div><div class=\"fusion-layout-column fusion_builder_column fusion-builder-column-1 fusion_builder_column_1_2 1_2 fusion-flex-column\" style=\"--awb-bg-size:cover;--awb-width-large:50%;--awb-margin-top-large:0px;--awb-spacing-right-large:3.84%;--awb-margin-bottom-large:20px;--awb-spacing-left-large:3.84%;--awb-width-medium:100%;--awb-order-medium:0;--awb-spacing-right-medium:1.92%;--awb-spacing-left-medium:1.92%;--awb-width-small:100%;--awb-order-small:0;--awb-spacing-right-small:1.92%;--awb-spacing-left-small:1.92%;\"><div class=\"fusion-column-wrapper fusion-column-has-shadow fusion-flex-justify-content-flex-start fusion-content-layout-column\"><div class=\"fusion-title title fusion-title-1 fusion-title-center fusion-title-text fusion-title-size-one\" style=\"--awb-text-color:var(--awb-color5);--awb-margin-top-small:0px;--awb-margin-right-small:0px;--awb-margin-bottom-small:20px;--awb-margin-left-small:0px;\"><div class=\"title-sep-container title-sep-container-left\"><div class=\"title-sep sep- sep-solid\" style=\"border-color:var(--awb-color3);\"><\/div><\/div><span class=\"awb-title-spacer\"><\/span><h1 class=\"fusion-title-heading title-heading-center\" style=\"font-family:&quot;Roboto&quot;;font-style:normal;font-weight:700;margin:0;text-transform:uppercase;\">Composante VENTES<\/h1><span class=\"awb-title-spacer\"><\/span><div class=\"title-sep-container title-sep-container-right\"><div class=\"title-sep sep- sep-solid\" style=\"border-color:var(--awb-color3);\"><\/div><\/div><\/div><div class=\"fusion-text fusion-text-1\"><div class=\"flex-shrink-0 flex flex-col relative items-end\">\n<p>&nbsp;<\/p>\n<div>\n<div class=\"pt-0\">\n<div class=\"gizmo-bot-avatar flex h-8 w-8 items-center justify-center overflow-hidden rounded-full\">\n<div class=\"relative p-1 rounded-sm flex items-center justify-center bg-token-main-surface-primary text-token-text-primary h-8 w-8\"><\/div>\n<\/div>\n<\/div>\n<\/div>\n<\/div>\n<div class=\"group\/conversation-turn relative flex w-full min-w-0 flex-col agent-turn\">\n<div class=\"flex-col gap-1 md:gap-3\">\n<div class=\"flex max-w-full flex-col flex-grow\">\n<div class=\"min-h-8 text-message flex w-full flex-col items-end gap-2 whitespace-normal break-words text-start &#091;.text-message+&amp;&#093;:mt-5\" dir=\"auto\" data-message-author-role=\"assistant\" data-message-id=\"9c639a03-16e7-4250-aaf2-e78702074d7c\" data-message-model-slug=\"gpt-4o-mini\">\n<div class=\"flex w-full flex-col gap-1 empty:hidden first:pt-&#091;3px&#093;\">\n<div class=\"markdown prose w-full break-words dark:prose-invert light\">\n<p>Chez Vision-Air, nous nous attachons \u00e0 fournir des composants a\u00e9ronautiques de haute qualit\u00e9 pour r\u00e9pondre aux besoins des compagnies a\u00e9riennes, des organismes de maintenance et de r\u00e9paration et des courtiers du monde entier. Notre vaste inventaire comprend une large gamme de pi\u00e8ces, d&rsquo;\u00e9quipements et de mat\u00e9riaux. <\/p>\n<\/div>\n<\/div>\n<\/div>\n<\/div>\n<\/div>\n<\/div>\n<\/div><div class=\"fusion-text fusion-text-2\"><div class=\"flex-1 overflow-hidden @container\/thread\">\n<p><strong>Pourquoi nous choisir ?<\/strong><\/p>\n<div class=\"h-full\">\n<div class=\"react-scroll-to-bottom--css-igywx-79elbk h-full\">\n<div class=\"react-scroll-to-bottom--css-igywx-1n7m0yu\">\n<div class=\"flex flex-col text-sm\">\n<article class=\"w-full scroll-mb-&#091;var(--thread-trailing-height,150px)&#093; text-token-text-primary focus-visible:outline-2 focus-visible:outline-offset-&#091;-4px&#093;\" dir=\"auto\" data-testid=\"conversation-turn-3\" data-scroll-anchor=\"true\">\n<div class=\"m-auto text-base py-&#091;18px&#093; px-3 md:px-4 w-full md:px-5 lg:px-4 xl:px-5\">\n<div class=\"mx-auto flex flex-1 gap-4 text-base md:gap-5 lg:gap-6 md:max-w-3xl\">\n<div class=\"group\/conversation-turn relative flex w-full min-w-0 flex-col agent-turn\">\n<div class=\"flex-col gap-1 md:gap-3\">\n<div class=\"flex max-w-full flex-col flex-grow\">\n<div class=\"min-h-8 text-message flex w-full flex-col items-end gap-2 whitespace-normal break-words text-start &#091;.text-message+&amp;&#093;:mt-5\" dir=\"auto\" data-message-author-role=\"assistant\" data-message-id=\"9c639a03-16e7-4250-aaf2-e78702074d7c\" data-message-model-slug=\"gpt-4o-mini\">\n<div class=\"flex w-full flex-col gap-1 empty:hidden first:pt-&#091;3px&#093;\">\n<div class=\"markdown prose w-full break-words dark:prose-invert light\">\n<p><strong>Vaste inventaire<\/strong>: Notre entrep\u00f4t est rempli d&rsquo;une gamme vari\u00e9e de pi\u00e8ces d&rsquo;avion, y compris les moteurs, l&rsquo;avionique, les consommables et les accessoires.<\/p>\n<p><strong>Engagement en faveur de la qualit\u00e9<\/strong>: Nous ne nous approvisionnons qu&rsquo;aupr\u00e8s de fabricants de confiance, ce qui nous permet de garantir qu&rsquo;ils r\u00e9pondent aux normes les plus strictes en mati\u00e8re de qualit\u00e9 et de fiabilit\u00e9.<\/p>\n<p><strong>Des prix abordables<\/strong>: Nous proposons des prix comp\u00e9titifs sur tous nos produits, ce qui vous garantit le meilleur rapport qualit\u00e9-prix pour votre investissement.<\/p>\n<p><strong>Une assistance client\u00e8le exceptionnelle<\/strong>: Notre \u00e9quipe exp\u00e9riment\u00e9e se consacre \u00e0 vous offrir une assistance personnalis\u00e9e, en vous aidant \u00e0 trouver les pi\u00e8ces exactes dont vous avez besoin.<\/p>\n<p><strong>Exp\u00e9dition dans le monde entier<\/strong>: Nous proposons des services d&rsquo;exp\u00e9dition rapides et fiables vers des destinations du monde entier, garantissant ainsi la livraison de vos commandes dans les d\u00e9lais impartis.<\/p>\n<p><strong>Conformit\u00e9 r\u00e9glementaire<\/strong>: Nous nous conformons \u00e0 toutes les exigences r\u00e9glementaires afin de garantir que nos produits respectent les normes de s\u00e9curit\u00e9 et de conformit\u00e9 n\u00e9cessaires.<\/p>\n<\/div>\n<\/div>\n<\/div>\n<\/div>\n<\/div>\n<\/div>\n<\/div>\n<\/div>\n<\/article>\n<\/div>\n<\/div>\n<\/div>\n<\/div>\n<\/div>\n<\/div><\/div><\/div><\/div><\/div>\n","protected":false},"excerpt":{"rendered":"","protected":false},"author":1,"featured_media":0,"parent":0,"menu_order":0,"comment_status":"closed","ping_status":"closed","template":"","meta":{"footnotes":""},"class_list":["post-5866","page","type-page","status-publish","hentry"],"_links":{"self":[{"href":"https:\/\/visionairgroup.ca\/fr\/wp-json\/wp\/v2\/pages\/5866","targetHints":{"allow":["GET"]}}],"collection":[{"href":"https:\/\/visionairgroup.ca\/fr\/wp-json\/wp\/v2\/pages"}],"about":[{"href":"https:\/\/visionairgroup.ca\/fr\/wp-json\/wp\/v2\/types\/page"}],"author":[{"embeddable":true,"href":"https:\/\/visionairgroup.ca\/fr\/wp-json\/wp\/v2\/users\/1"}],"replies":[{"embeddable":true,"href":"https:\/\/visionairgroup.ca\/fr\/wp-json\/wp\/v2\/comments?post=5866"}],"version-history":[{"count":1,"href":"https:\/\/visionairgroup.ca\/fr\/wp-json\/wp\/v2\/pages\/5866\/revisions"}],"predecessor-version":[{"id":5867,"href":"https:\/\/visionairgroup.ca\/fr\/wp-json\/wp\/v2\/pages\/5866\/revisions\/5867"}],"wp:attachment":[{"href":"https:\/\/visionairgroup.ca\/fr\/wp-json\/wp\/v2\/media?parent=5866"}],"curies":[{"name":"wp","href":"https:\/\/api.w.org\/{rel}","templated":true}]}}