{"id":5864,"date":"2024-11-06T01:42:51","date_gmt":"2024-11-06T01:42:51","guid":{"rendered":"https:\/\/visionairgroup.ca\/pourquoi-nous\/"},"modified":"2025-03-29T15:01:50","modified_gmt":"2025-03-29T15:01:50","slug":"pourquoi-nous","status":"publish","type":"page","link":"https:\/\/visionairgroup.ca\/fr\/pourquoi-nous\/","title":{"rendered":"Pourquoi nous"},"content":{"rendered":"<div class=\"fusion-fullwidth fullwidth-box fusion-builder-row-1 fusion-flex-container has-pattern-background has-mask-background nonhundred-percent-fullwidth non-hundred-percent-height-scrolling\" style=\"--awb-border-radius-top-left:0px;--awb-border-radius-top-right:0px;--awb-border-radius-bottom-right:0px;--awb-border-radius-bottom-left:0px;--awb-flex-wrap:wrap;\" ><div class=\"fusion-builder-row fusion-row fusion-flex-align-items-flex-start fusion-flex-content-wrap\" style=\"max-width:1216.8px;margin-left: calc(-4% \/ 2 );margin-right: calc(-4% \/ 2 );\"><div class=\"fusion-layout-column fusion_builder_column fusion-builder-column-0 fusion_builder_column_1_2 1_2 fusion-flex-column\" style=\"--awb-bg-size:cover;--awb-width-large:50%;--awb-margin-top-large:0px;--awb-spacing-right-large:3.84%;--awb-margin-bottom-large:20px;--awb-spacing-left-large:3.84%;--awb-width-medium:100%;--awb-order-medium:0;--awb-spacing-right-medium:1.92%;--awb-spacing-left-medium:1.92%;--awb-width-small:100%;--awb-order-small:0;--awb-spacing-right-small:1.92%;--awb-spacing-left-small:1.92%;\"><div class=\"fusion-column-wrapper fusion-column-has-shadow fusion-flex-justify-content-flex-start fusion-content-layout-column\"><div class=\"fusion-title title fusion-title-1 fusion-title-center fusion-title-text fusion-title-size-three\" style=\"--awb-text-color:var(--awb-color5);--awb-margin-bottom:10px;--awb-margin-top-small:0px;--awb-margin-right-small:0px;--awb-margin-bottom-small:20px;--awb-margin-left-small:0px;\"><div class=\"title-sep-container title-sep-container-left\"><div class=\"title-sep sep- sep-solid\" style=\"border-color:var(--awb-color3);\"><\/div><\/div><span class=\"awb-title-spacer\"><\/span><h3 class=\"fusion-title-heading title-heading-center\" style=\"font-family:&quot;Roboto&quot;;font-style:normal;font-weight:700;margin:0;text-transform:uppercase;\"><strong><em>Pourquoi nous choisir pour vos pi\u00e8ces d&rsquo;avion ?<\/em><\/strong><\/h3><span class=\"awb-title-spacer\"><\/span><div class=\"title-sep-container title-sep-container-right\"><div class=\"title-sep sep- sep-solid\" style=\"border-color:var(--awb-color3);\"><\/div><\/div><\/div><div class=\"fusion-text fusion-text-1\"><p><strong>Vaste inventaire :<\/strong> Nous offrons une large s\u00e9lection de pi\u00e8ces d&rsquo;avion de haute qualit\u00e9, r\u00e9pondant \u00e0 une vari\u00e9t\u00e9 de besoins allant des moteurs \u00e0 l&rsquo;avionique et aux consommables. Notre vaste inventaire vous permet de trouver exactement ce dont vous avez besoin.<\/p>\n<p><strong>Une assurance qualit\u00e9 fiable<\/strong>: Nous nous approvisionnons aupr\u00e8s de fabricants r\u00e9put\u00e9s, ce qui nous permet de garantir que nos produits r\u00e9pondent aux normes industrielles les plus strictes en mati\u00e8re de qualit\u00e9 et de fiabilit\u00e9. Vous pouvez \u00eatre s\u00fbr que nos pi\u00e8ces sont con\u00e7ues pour \u00eatre performantes.<\/p>\n<p><strong>Des prix comp\u00e9titifs :<\/strong> Nous proposons des prix avantageux pour tous nos produits, afin que vous puissiez \u00eatre s\u00fbr d&rsquo;obtenir le meilleur rapport qualit\u00e9-prix pour votre investissement, sans faire de compromis sur la qualit\u00e9.<\/p>\n<p><strong>Assistance d&rsquo;un expert :<\/strong> Notre \u00e9quipe de sp\u00e9cialistes s&rsquo;attache \u00e0 fournir un service client\u00e8le exceptionnel. Nous offrons une assistance personnalis\u00e9e pour vous aider \u00e0 naviguer dans vos options et \u00e0 trouver les bonnes pi\u00e8ces adapt\u00e9es \u00e0 vos besoins sp\u00e9cifiques.<\/p>\n<p><strong>Emplacement strat\u00e9gique :<\/strong> Vision Air Innovations op\u00e8re et vend \u00e0 partir de l&rsquo;a\u00e9roport de Mirabel, situ\u00e9 dans la r\u00e9gion m\u00e9tropolitaine de Montr\u00e9al, au Qu\u00e9bec, Canada. Cette situation privil\u00e9gi\u00e9e nous permet de servir efficacement nos clients dans le monde entier.<\/p>\n<p><strong>Logistique de suivi avanc\u00e9e :<\/strong> Notre syst\u00e8me logistique de pointe permet un suivi en temps r\u00e9el de chaque composant de l&rsquo;avion, depuis le d\u00e9montage jusqu&rsquo;\u00e0 l&rsquo;exp\u00e9dition et la livraison \u00e0 la destination souhait\u00e9e. Notre technologie innovante garantit une rapidit\u00e9, une pr\u00e9cision, une responsabilit\u00e9 et une commodit\u00e9 in\u00e9gal\u00e9es.<\/p>\n<p><strong>Engagement pour l&rsquo;excellence :<\/strong> Nous sommes passionn\u00e9s par l&rsquo;aviation et nous nous engageons \u00e0 assurer votre r\u00e9ussite. Nous nous distinguons par notre souci de satisfaire nos clients, ce qui fait de nous un partenaire de confiance pour vos op\u00e9rations.<\/p>\n<\/div><\/div><\/div><div class=\"fusion-layout-column fusion_builder_column fusion-builder-column-1 fusion_builder_column_1_2 1_2 fusion-flex-column\" style=\"--awb-bg-size:cover;--awb-width-large:50%;--awb-margin-top-large:0px;--awb-spacing-right-large:3.84%;--awb-margin-bottom-large:20px;--awb-spacing-left-large:3.84%;--awb-width-medium:100%;--awb-order-medium:0;--awb-spacing-right-medium:1.92%;--awb-spacing-left-medium:1.92%;--awb-width-small:100%;--awb-order-small:0;--awb-spacing-right-small:1.92%;--awb-spacing-left-small:1.92%;\"><div class=\"fusion-column-wrapper fusion-column-has-shadow fusion-flex-justify-content-flex-start fusion-content-layout-column\"><div class=\"fusion-image-element \" style=\"--awb-caption-title-font-family:var(--h2_typography-font-family);--awb-caption-title-font-weight:var(--h2_typography-font-weight);--awb-caption-title-font-style:var(--h2_typography-font-style);--awb-caption-title-size:var(--h2_typography-font-size);--awb-caption-title-transform:var(--h2_typography-text-transform);--awb-caption-title-line-height:var(--h2_typography-line-height);--awb-caption-title-letter-spacing:var(--h2_typography-letter-spacing);\"><span class=\" fusion-imageframe imageframe-none imageframe-1 hover-type-zoomin\"><img decoding=\"async\" width=\"2560\" height=\"1707\" title=\"Engineer inspecting aircraft landing gear\" src=\"data:image\/svg+xml,%3Csvg%20xmlns%3D%27http%3A%2F%2Fwww.w3.org%2F2000%2Fsvg%27%20width%3D%272560%27%20height%3D%271707%27%20viewBox%3D%270%200%202560%201707%27%3E%3Crect%20width%3D%272560%27%20height%3D%271707%27%20fill-opacity%3D%220%22%2F%3E%3C%2Fsvg%3E\" data-orig-src=\"https:\/\/visionairgroup.ca\/wp-content\/uploads\/2025\/02\/iStock-2190205716-scaled.jpg\" alt class=\"lazyload img-responsive wp-image-5812\"\/><\/span><\/div><div class=\"fusion-image-element \" style=\"--awb-caption-title-font-family:var(--h2_typography-font-family);--awb-caption-title-font-weight:var(--h2_typography-font-weight);--awb-caption-title-font-style:var(--h2_typography-font-style);--awb-caption-title-size:var(--h2_typography-font-size);--awb-caption-title-transform:var(--h2_typography-text-transform);--awb-caption-title-line-height:var(--h2_typography-line-height);--awb-caption-title-letter-spacing:var(--h2_typography-letter-spacing);\"><span class=\" fusion-imageframe imageframe-none imageframe-2 hover-type-zoomin\"><img decoding=\"async\" width=\"2560\" height=\"1709\" title=\"Happy people repairing an aircraft\" src=\"https:\/\/visionairgroup.ca\/wp-content\/uploads\/2024\/11\/iStock-1059980590-scaled.jpg\" data-orig-src=\"https:\/\/visionairgroup.ca\/wp-content\/uploads\/2024\/11\/iStock-1059980590-scaled.jpg\" alt class=\"lazyload img-responsive wp-image-5782\" srcset=\"data:image\/svg+xml,%3Csvg%20xmlns%3D%27http%3A%2F%2Fwww.w3.org%2F2000%2Fsvg%27%20width%3D%272560%27%20height%3D%271709%27%20viewBox%3D%270%200%202560%201709%27%3E%3Crect%20width%3D%272560%27%20height%3D%271709%27%20fill-opacity%3D%220%22%2F%3E%3C%2Fsvg%3E\" data-srcset=\"https:\/\/visionairgroup.ca\/wp-content\/uploads\/2024\/11\/iStock-1059980590-200x134.jpg 200w, https:\/\/visionairgroup.ca\/wp-content\/uploads\/2024\/11\/iStock-1059980590-400x267.jpg 400w, https:\/\/visionairgroup.ca\/wp-content\/uploads\/2024\/11\/iStock-1059980590-600x401.jpg 600w, https:\/\/visionairgroup.ca\/wp-content\/uploads\/2024\/11\/iStock-1059980590-800x534.jpg 800w, https:\/\/visionairgroup.ca\/wp-content\/uploads\/2024\/11\/iStock-1059980590-1200x801.jpg 1200w, https:\/\/visionairgroup.ca\/wp-content\/uploads\/2024\/11\/iStock-1059980590-scaled.jpg 2560w\" data-sizes=\"auto\" data-orig-sizes=\"(max-width: 1024px) 100vw, (max-width: 850px) 100vw, 600px\" \/><\/span><\/div><\/div><\/div><div class=\"fusion-layout-column fusion_builder_column fusion-builder-column-2 fusion_builder_column_1_1 1_1 fusion-flex-column\" style=\"--awb-bg-size:cover;--awb-width-large:100%;--awb-margin-top-large:0px;--awb-spacing-right-large:1.92%;--awb-margin-bottom-large:20px;--awb-spacing-left-large:1.92%;--awb-width-medium:100%;--awb-order-medium:0;--awb-spacing-right-medium:1.92%;--awb-spacing-left-medium:1.92%;--awb-width-small:100%;--awb-order-small:0;--awb-spacing-right-small:1.92%;--awb-spacing-left-small:1.92%;\"><div class=\"fusion-column-wrapper fusion-column-has-shadow fusion-flex-justify-content-flex-start fusion-content-layout-column\"><div style=\"text-align:center;\"><a class=\"fusion-button button-flat button-xlarge button-default fusion-button-default button-1 fusion-button-span-yes fusion-button-default-type\" style=\"--button_text_transform:none;\" target=\"_self\"><span class=\"fusion-button-text awb-button__text awb-button__text--default\">Choisissez-nous pour vos besoins en pi\u00e8ces d\u00e9tach\u00e9es a\u00e9ronautiques et d\u00e9couvrez la diff\u00e9rence en termes de qualit\u00e9, de service et de valeur !<\/span><\/a><\/div><\/div><\/div><\/div><\/div>\n","protected":false},"excerpt":{"rendered":"","protected":false},"author":1,"featured_media":0,"parent":0,"menu_order":0,"comment_status":"closed","ping_status":"closed","template":"","meta":{"footnotes":""},"class_list":["post-5864","page","type-page","status-publish","hentry"],"_links":{"self":[{"href":"https:\/\/visionairgroup.ca\/fr\/wp-json\/wp\/v2\/pages\/5864","targetHints":{"allow":["GET"]}}],"collection":[{"href":"https:\/\/visionairgroup.ca\/fr\/wp-json\/wp\/v2\/pages"}],"about":[{"href":"https:\/\/visionairgroup.ca\/fr\/wp-json\/wp\/v2\/types\/page"}],"author":[{"embeddable":true,"href":"https:\/\/visionairgroup.ca\/fr\/wp-json\/wp\/v2\/users\/1"}],"replies":[{"embeddable":true,"href":"https:\/\/visionairgroup.ca\/fr\/wp-json\/wp\/v2\/comments?post=5864"}],"version-history":[{"count":4,"href":"https:\/\/visionairgroup.ca\/fr\/wp-json\/wp\/v2\/pages\/5864\/revisions"}],"predecessor-version":[{"id":6013,"href":"https:\/\/visionairgroup.ca\/fr\/wp-json\/wp\/v2\/pages\/5864\/revisions\/6013"}],"wp:attachment":[{"href":"https:\/\/visionairgroup.ca\/fr\/wp-json\/wp\/v2\/media?parent=5864"}],"curies":[{"name":"wp","href":"https:\/\/api.w.org\/{rel}","templated":true}]}}